{"id":114,"date":"2018-02-28T10:50:55","date_gmt":"2018-02-28T07:50:55","guid":{"rendered":"http:\/\/revolution.fuelthemes.net\/revolution-agency\/?page_id=114"},"modified":"2023-08-15T13:53:45","modified_gmt":"2023-08-15T10:53:45","slug":"hakkimizda","status":"publish","type":"page","link":"https:\/\/croncreative.com\/tr\/hakkimizda\/","title":{"rendered":"Hakk\u0131m\u0131zda"},"content":{"rendered":"[vc_row thb_full_width=&#8221;true&#8221; css=&#8221;.vc_custom_1655323543096{margin-bottom: 15vh !important;padding-top: 24vh !important;padding-bottom: 24vh !important;background-image: url(https:\/\/www.croncreative.com\/tr\/wp-content\/uploads\/2022\/06\/ekibimiz.jpg?id=561) !important;background-position: center !important;background-repeat: no-repeat !important;background-size: cover !important;}&#8221;][vc_column][\/vc_column][\/vc_row][vc_row el_class=&#8221;align-center&#8221;][vc_column thb_color=&#8221;thb-light-column&#8221; offset=&#8221;vc_col-lg-8 vc_col-md-10&#8243;]\t<div id=\"thb-slidetype-69f2bc5053c90\" class=\"thb-slidetype \" data-style=\"style1\">\n\t\t\n<h2><span class=\"thb-slidetype-entry\"><span class=\"lines\">Biz kimiz?<\/span><\/span><\/h2>\n\t\t\t<\/div>\n\n\t[vc_empty_space height=&#8221;30px&#8221;][vc_column_text animation=&#8221;animation bottom-to-top&#8221;]cron\u00a0<strong>creative<\/strong>\u00a0studio<strong>\u00a0.\u00a0<\/strong>Kendini geli\u015ftirmek i\u00e7in \u00e7al\u0131\u015fan, \u201c<strong>Yaz\u0131l\u0131m geli\u015ftiricileri<\/strong>\u201d ve \u201c<strong>Tasar\u0131mc\u0131lar<\/strong>\u201d taraf\u0131ndan kurulmu\u015ftur. Sekt\u00f6r i\u00e7erisinde 10 y\u0131l\u0131 a\u015fk\u0131n deneyime sahip profesyonel ekibimiz ile sizlerin \u00f6nceliklerini benimseyerek,\u00a0<strong>cron creative<\/strong>\u00a0ad\u0131 alt\u0131nda hizmet vermek i\u00e7in haz\u0131rland\u0131k.\u00a0<strong>Freelancer<\/strong>\u00a0kavram\u0131n\u0131 benimsemi\u015f\u00a0<strong>d\u00fcnyan\u0131n<\/strong>\u00a0d\u00f6rt bir yan\u0131nda\u00a0<strong>faaliyetlerini<\/strong>\u00a0g\u00f6steren\u00a0<strong>ekibimiz<\/strong>\u00a0taraf\u0131ndan, sizlerin\u00a0<strong>ihtiya\u00e7lar\u0131<\/strong>\u00a0do\u011frultusunda\u00a0<strong>interaktif<\/strong>\u00a0ve\u00a0<strong>profesyonel<\/strong>\u00a0<em>yaz\u0131l\u0131m, tasar\u0131m, kurumsal kimlik, Foto\u011fraf ve video\/reklam film \u00e7ekim hizmetleri<\/em>\u00a0<strong>sa\u011fl\u0131yoruz.<\/strong>[\/vc_column_text][\/vc_column][\/vc_row][vc_row el_class=&#8221;align-center&#8221; css=&#8221;.vc_custom_1518204829186{margin-bottom: 15vh !important;}&#8221;][vc_column thb_color=&#8221;thb-light-column&#8221; offset=&#8221;vc_col-lg-8 vc_col-md-10&#8243;][vc_column_text animation=&#8221;animation bottom-to-top&#8221;]<span style=\"color: #919191;\">\u00c7ekirdek ekibimizin haricinde sizlere daha h\u0131zl\u0131 ve ihtiya\u00e7lar\u0131n\u0131z\u0131n do\u011frultusunda hizmet verebilmek i\u00e7in, freelancer \u00e7al\u0131\u015fan bir ekip olu\u015fturduk. Bu ekibimiz d\u00fcnyan\u0131n d\u00f6rt bir yan\u0131nda kendilerini sekt\u00f6re adam\u0131\u015f bir \u015fekilde \u00e7al\u0131\u015f\u0131yor. Nas\u0131l yani? Dedi\u011finizi duyar gibiyiz\u2026 \u00d6rne\u011fin projenizin mobil uygulama geli\u015ftirme k\u0131sm\u0131nda bizlerle \u00e7al\u0131\u015fmak istiyorsunuz, freelancer ekibimizde bulunan Amerika\u2019da ya\u015fayan Anna arkada\u015f\u0131m\u0131z, farkl\u0131 k\u00fclt\u00fcrel bilgilere sahip ve sekt\u00f6r\u00fcn kalbinde San Francisco\u2019da b\u00fcy\u00fcd\u00fc\u011f\u00fc i\u00e7in sizlerin projesine farkl\u0131 bir a\u00e7\u0131dan bak\u0131p mobil geli\u015ftirme konusunda yeterli deste\u011fi verebilir, Anna bu deste\u011fi verirken, Istanbul\u2019da merkez ofisimizde bulunan \u00e7ekirdek ekibimiz projenin i\u015fleyi\u015fi ve yol haritas\u0131n\u0131 \u00e7\u0131kararak sizlerin alaca\u011f\u0131 hizmeti g\u00fc\u00e7lendirip, projenizin sorunsuz \u00e7al\u0131\u015fmas\u0131 i\u00e7in \u00e7al\u0131\u015facakt\u0131r. Ayn\u0131 anda hem Istanbul hem de San Francisco\u2019da \u00e7al\u0131\u015fan bir ekip d\u00fc\u015f\u00fcn\u00fcn.. Daha \u00f6nce b\u00f6yle bir \u00e7al\u0131\u015fma \u015fekli g\u00f6rd\u00fcn\u00fcz m\u00fc? \u0130\u015fte bu y\u00fczden CRON CREATIVE al\u0131\u015f\u0131lm\u0131\u015f\u0131n d\u0131\u015f\u0131nda\u00a0 \u00e7al\u0131\u015fan yeni nesil bir st\u00fcdyo..<\/span>[\/vc_column_text][\/vc_column][\/vc_row][vc_row thb_full_width=&#8221;true&#8221; thb_row_padding=&#8221;true&#8221; thb_column_padding=&#8221;true&#8221; css=&#8221;.vc_custom_1520010391974{padding-top: 15vh !important;padding-bottom: 15vh !important;background-color: #0c0c0c !important;}&#8221;][vc_column][vc_row_inner el_class=&#8221;align-center&#8221;][vc_column_inner thb_color=&#8221;thb-light-column&#8221; offset=&#8221;vc_col-lg-8 vc_col-md-10&#8243;]\t<div id=\"thb-slidetype-69f2bc5053cfa\" class=\"thb-slidetype \" data-style=\"style1\">\n\t\t\n<h2><span class=\"thb-slidetype-entry\"><span class=\"lines\">Al\u0131\u015f\u0131lm\u0131\u015f\u0131n d\u0131\u015f\u0131nda yeni nesil yaz\u0131l\u0131m ve tasar\u0131m st\u00fcdyosu<\/span><\/span><\/h2>\n\t\t\t<\/div>\n\n\t[vc_empty_space height=&#8221;30px&#8221;][vc_column_text]<span style=\"color: #919191;\">Yeni nesil yaz\u0131l\u0131m ve tasar\u0131m hizmetleri i\u00e7in haz\u0131r m\u0131s\u0131n? Cron creative Istanbul merkezli bir teknoloji \u015firketidir. Bireysel ya da kurumsal ihtiya\u00e7lar\u0131n\u0131za \u00e7\u00f6z\u00fcmler \u00fcretmektedir. <\/span>[\/vc_column_text][\/vc_column_inner][\/vc_row_inner][vc_empty_space height=&#8221;37px&#8221;][\/vc_column][\/vc_row][vc_row css=&#8221;.vc_custom_1518204864696{padding-top: 15vh !important;padding-bottom: 15vh !important;}&#8221; el_class=&#8221;align-center&#8221;][vc_column thb_color=&#8221;thb-light-column&#8221; el_class=&#8221;text-center&#8221; offset=&#8221;vc_col-lg-6 vc_col-md-8&#8243;]\t<div id=\"thb-image-69f2bc5053d46\" class=\"caption-style1  aligncenter   thb_image_link wp-caption \">\n\t\t\t<div class=\"thb-image-inner size_100\">\n\t\t\t<img loading=\"lazy\" decoding=\"async\" width=\"268\" height=\"371\" src=\"https:\/\/croncreative.com\/tr\/wp-content\/uploads\/2022\/06\/cronwhite.png\" class=\"thb_image retina_size   attachment-full\" alt=\"\" srcset=\"https:\/\/croncreative.com\/tr\/wp-content\/uploads\/2022\/06\/cronwhite.png 268w, https:\/\/croncreative.com\/tr\/wp-content\/uploads\/2022\/06\/cronwhite-217x300.png 217w, https:\/\/croncreative.com\/tr\/wp-content\/uploads\/2022\/06\/cronwhite-190x263.png 190w, https:\/\/croncreative.com\/tr\/wp-content\/uploads\/2022\/06\/cronwhite-20x28.png 20w\" sizes=\"auto, (max-width: 268px) 100vw, 268px\" \/>\t\t\t\t\t<\/div>\n\t\t\t\t\t<\/div>\n\t[vc_empty_space height=&#8221;46px&#8221;][vc_column_text animation=&#8221;animation bottom-to-top&#8221;]\n<h2><strong>Bizimle \u00c7al\u0131\u015fmak \u0130ster Misiniz?<\/strong><\/h2>\n[\/vc_column_text][vc_column_text animation=&#8221;animation bottom-to-top&#8221;]<span style=\"color: #919191;\">\u0130leti\u015fime ge\u00e7erek \u00e7al\u0131\u015fmalar\u0131m\u0131z hakk\u0131nda bilgi alabilir, beraber i\u015f \u00e7\u00f6z\u00fcmleri yapabiliriz.<\/span>[\/vc_column_text][vc_empty_space height=&#8221;12px&#8221;]\t<a id=\"thb-button-69f2bc505514d\" class=\"btn style3 medium  white no-radius    \" href=\"https:\/\/www.croncreative.com\/tr\/iletisim\/\" target=\"_self\" role=\"button\">\n\t\t<span>\u0130leti\u015fim<\/span>\n\t\t\t<\/a>\n\t\t[\/vc_column][\/vc_row]\n","protected":false},"excerpt":{"rendered":"<p>[vc_row thb_full_width=&#8221;true&#8221; css=&#8221;.vc_custom_1655323543096{margin-bottom: 15vh !important;padding-top: 24vh !important;padding-bottom: 24vh !important;background-image: url(https:\/\/www.croncreative.com\/tr\/wp-content\/uploads\/2022\/06\/ekibimiz.jpg?id=561) !important;background-position: center !important;background-repeat: no-repeat !important;background-size: cover !important;}&#8221;][vc_column][\/vc_column][\/vc_row][vc_row el_class=&#8221;align-center&#8221;][vc_column thb_color=&#8221;thb-light-column&#8221; offset=&#8221;vc_col-lg-8 vc_col-md-10&#8243;][vc_empty_space height=&#8221;30px&#8221;][vc_column_text animation=&#8221;animation bottom-to-top&#8221;]cron\u00a0creative\u00a0studio\u00a0.\u00a0Kendini geli\u015ftirmek i\u00e7in \u00e7al\u0131\u015fan, \u201cYaz\u0131l\u0131m geli\u015ftiricileri\u201d ve \u201cTasar\u0131mc\u0131lar\u201d taraf\u0131ndan kurulmu\u015ftur. Sekt\u00f6r i\u00e7erisinde 10 y\u0131l\u0131 a\u015fk\u0131n deneyime sahip profesyonel ekibimiz ile sizlerin \u00f6nceliklerini benimseyerek,\u00a0cron creative\u00a0ad\u0131 alt\u0131nda hizmet vermek i\u00e7in haz\u0131rland\u0131k.\u00a0Freelancer\u00a0kavram\u0131n\u0131 benimsemi\u015f\u00a0d\u00fcnyan\u0131n\u00a0d\u00f6rt bir yan\u0131nda\u00a0faaliyetlerini\u00a0g\u00f6steren\u00a0ekibimiz\u00a0taraf\u0131ndan,&hellip;<\/p>\n","protected":false},"author":1,"featured_media":0,"parent":0,"menu_order":0,"comment_status":"closed","ping_status":"closed","template":"","meta":{"_monsterinsights_skip_tracking":false,"_monsterinsights_sitenote_active":false,"_monsterinsights_sitenote_note":"","_monsterinsights_sitenote_category":0,"footnotes":""},"class_list":["post-114","page","type-page","status-publish","hentry"],"_links":{"self":[{"href":"https:\/\/croncreative.com\/tr\/wp-json\/wp\/v2\/pages\/114","targetHints":{"allow":["GET"]}}],"collection":[{"href":"https:\/\/croncreative.com\/tr\/wp-json\/wp\/v2\/pages"}],"about":[{"href":"https:\/\/croncreative.com\/tr\/wp-json\/wp\/v2\/types\/page"}],"author":[{"embeddable":true,"href":"https:\/\/croncreative.com\/tr\/wp-json\/wp\/v2\/users\/1"}],"replies":[{"embeddable":true,"href":"https:\/\/croncreative.com\/tr\/wp-json\/wp\/v2\/comments?post=114"}],"version-history":[{"count":14,"href":"https:\/\/croncreative.com\/tr\/wp-json\/wp\/v2\/pages\/114\/revisions"}],"predecessor-version":[{"id":863,"href":"https:\/\/croncreative.com\/tr\/wp-json\/wp\/v2\/pages\/114\/revisions\/863"}],"wp:attachment":[{"href":"https:\/\/croncreative.com\/tr\/wp-json\/wp\/v2\/media?parent=114"}],"curies":[{"name":"wp","href":"https:\/\/api.w.org\/{rel}","templated":true}]}}