{"id":115,"date":"2018-02-28T10:51:19","date_gmt":"2018-02-28T10:51:19","guid":{"rendered":"http:\/\/revolution.fuelthemes.net\/revolution-agency\/?page_id=115"},"modified":"2022-06-13T04:27:43","modified_gmt":"2022-06-13T01:27:43","slug":"iletisim","status":"publish","type":"page","link":"https:\/\/croncreative.com\/tr\/iletisim\/","title":{"rendered":"\u0130leti\u015fim"},"content":{"rendered":"[vc_row thb_full_width=&#8221;true&#8221; thb_row_padding=&#8221;true&#8221; thb_column_padding=&#8221;true&#8221;][vc_column][vc_zigzag color=&#8221;white&#8221; el_border_width=&#8221;15&#8243;][\/vc_column][\/vc_row][vc_row thb_full_width=&#8221;true&#8221; thb_row_padding=&#8221;true&#8221; thb_column_padding=&#8221;true&#8221;][vc_column][vc_raw_html]JTNDaWZyYW1lJTIwc3JjJTNEJTIyaHR0cHMlM0ElMkYlMkZ3d3cuZ29vZ2xlLmNvbSUyRm1hcHMlMkZlbWJlZCUzRnBiJTNEJTIxMW0xNCUyMTFtOCUyMTFtMyUyMTFkMTIwNDYuMzQ5MjY5NDcxMzYlMjEyZDI4Ljc5NzE2MTElMjEzZDQwLjk5MDUxNjYlMjEzbTIlMjExaTEwMjQlMjEyaTc2OCUyMTRmMTMuMSUyMTNtMyUyMTFtMiUyMTFzMHgwJTI1M0EweDY1OTQxNDdiZWIxNGU5YjQlMjEyenhMQnpkR0Z1WW5Wc0lFRjVaTVN4YmlERG5HNXBkbVZ5YzJsMFpYTnAlMjE1ZTAlMjEzbTIlMjExc3RyJTIxMnN0ciUyMTR2MTY1NTA4MzQ3NjMwNyUyMTVtMiUyMTFzdHIlMjEyc3RyJTIyJTIwd2lkdGglM0QlMjIxOTIwJTIyJTIwaGVpZ2h0JTNEJTIyMzAwJTIyJTIwc3R5bGUlM0QlMjJib3JkZXIlM0EwJTNCJTIyJTIwYWxsb3dmdWxsc2NyZWVuJTNEJTIyJTIyJTIwbG9hZGluZyUzRCUyMmxhenklMjIlMjByZWZlcnJlcnBvbGljeSUzRCUyMm5vLXJlZmVycmVyLXdoZW4tZG93bmdyYWRlJTIyJTNFJTNDJTJGaWZyYW1lJTNF[\/vc_raw_html][\/vc_column][\/vc_row][vc_row el_class=&#8221;align-center&#8221; css=&#8221;.vc_custom_1474474645883{padding-top: 10vh !important;padding-bottom: 10vh !important;}&#8221;][vc_column width=&#8221;1\/3&#8243; css=&#8221;.vc_custom_1516377398176{padding-right: 20% !important;}&#8221;][vc_column_text css=&#8221;.vc_custom_1655082952786{border-bottom-width: 2px !important;padding-bottom: 30px !important;border-bottom-color: #f4f4f4 !important;border-bottom-style: solid !important;}&#8221;]<strong>\u0130stanbul Ofis<\/strong><\/p>\n<p style=\"font-size: 14px;\">Incubation \u0130stanbul<br \/>\nBe\u015fyol Mah. \u0130n\u00f6n\u00fc Cd. No:38, 34295<br \/>\nK\u00fc\u00e7\u00fck\u00e7ekmece\/ \u0130stanbul \u2013 T\u00fcrkiye<br \/>\n<i class=\"fa fa-phone\"><\/i> \u00a0 +90 212 541 57 48<\/p>\n[\/vc_column_text][vc_column_text css=&#8221;.vc_custom_1655083180834{border-bottom-width: 2px !important;padding-bottom: 30px !important;border-bottom-color: #f4f4f4 !important;border-bottom-style: solid !important;}&#8221;]<strong>Kariyer<\/strong><\/p>\n<p style=\"font-size: 14px;\">Gen\u00e7 ve dinamik ekibimize kat\u0131lmak ister misin?<br \/>\nKariyeriniz i\u00e7in ufak bir ad\u0131m at\u0131n!<\/p>\n<p style=\"font-size: 14px;\"><a href=\"mailto:hr@croncreative.com\">hr@croncreative.com<\/a><\/p>\n[\/vc_column_text][vc_column_text]<strong>Ufak Bir Merhaba<\/strong><\/p>\n<p style=\"font-size: 14px;\">Siz hayal edin, biz yapal\u0131m.<br \/>\nHayallerinize ufak bir ad\u0131m atmak i\u00e7in ileti\u015fime ge\u00e7in.<\/p>\n<p style=\"font-size: 14px;\"><a href=\"mailto:hello@croncreative.com\">hello@croncreative.com<\/a><\/p>\n[\/vc_column_text][\/vc_column][vc_column width=&#8221;2\/3&#8243;]<div role=\"form\" class=\"wpcf7\" id=\"wpcf7-f130-o1\" lang=\"en-US\" dir=\"ltr\">\n<div class=\"screen-reader-response\"><p role=\"status\" aria-live=\"polite\" aria-atomic=\"true\"><\/p> <ul><\/ul><\/div>\n<form action=\"\/tr\/wp-json\/wp\/v2\/pages\/115#wpcf7-f130-o1\" method=\"post\" class=\"wpcf7-form init\" novalidate=\"novalidate\" data-status=\"init\">\n<div style=\"display: none;\">\n<input type=\"hidden\" name=\"_wpcf7\" value=\"130\" \/>\n<input type=\"hidden\" name=\"_wpcf7_version\" value=\"5.5.6.1\" \/>\n<input type=\"hidden\" name=\"_wpcf7_locale\" value=\"en_US\" \/>\n<input type=\"hidden\" name=\"_wpcf7_unit_tag\" value=\"wpcf7-f130-o1\" \/>\n<input type=\"hidden\" name=\"_wpcf7_container_post\" value=\"0\" \/>\n<input type=\"hidden\" name=\"_wpcf7_posted_data_hash\" value=\"\" \/>\n<\/div>\n<div class=\"row\">\n<div class=\"small-12 large-6 columns\">\n<label>Ad\u0131n\u0131z Soyad\u0131n\u0131z<\/label> <span class=\"wpcf7-form-control-wrap your-firstname\"><input type=\"text\" name=\"your-firstname\" value=\"\" size=\"40\" class=\"wpcf7-form-control wpcf7-text wpcf7-validates-as-required full\" aria-required=\"true\" aria-invalid=\"false\" \/><\/span>\n<\/div>\n<div class=\"small-12 large-6 columns\">\n<label>Your E-mail<\/label> <span class=\"wpcf7-form-control-wrap your-email\"><input type=\"text\" name=\"your-email\" value=\"\" size=\"40\" class=\"wpcf7-form-control wpcf7-text wpcf7-validates-as-required full\" aria-required=\"true\" aria-invalid=\"false\" \/><\/span>\n<\/div>\n<div class=\"small-12 columns\">\n<label>Proje B\u00fct\u00e7esi<\/label> <span class=\"wpcf7-form-control-wrap exclusive\"><span class=\"wpcf7-form-control wpcf7-checkbox\"><span class=\"wpcf7-list-item first\"><label><input type=\"checkbox\" name=\"exclusive[]\" value=\"Belirtmek \u0130stemiyorum\" \/><span class=\"wpcf7-list-item-label\">Belirtmek \u0130stemiyorum<\/span><\/label><\/span><span class=\"wpcf7-list-item\"><label><input type=\"checkbox\" name=\"exclusive[]\" value=\"\u20ba5,000 - \u20ba10,000\" \/><span class=\"wpcf7-list-item-label\">\u20ba5,000 - \u20ba10,000<\/span><\/label><\/span><span class=\"wpcf7-list-item\"><label><input type=\"checkbox\" name=\"exclusive[]\" value=\"\u20ba10,000 - \u20ba20,000\" \/><span class=\"wpcf7-list-item-label\">\u20ba10,000 - \u20ba20,000<\/span><\/label><\/span><span class=\"wpcf7-list-item last\"><label><input type=\"checkbox\" name=\"exclusive[]\" value=\"\u20ba20,000+\" \/><span class=\"wpcf7-list-item-label\">\u20ba20,000+<\/span><\/label><\/span><\/span><\/span>\n<\/div>\n<div class=\"small-12 columns\">\n<label>Mesaj\u0131n\u0131z<\/label> <span class=\"wpcf7-form-control-wrap your-message\"><textarea name=\"your-message\" cols=\"40\" rows=\"10\" class=\"wpcf7-form-control wpcf7-textarea full\" aria-invalid=\"false\"><\/textarea><\/span>\n<\/div>\n<\/div>\n<div class=\"row\">\n<div class=\"small-12 columns\">\n<input type=\"submit\" value=\"G\u00f6nder\" class=\"wpcf7-form-control has-spinner wpcf7-submit btn\" \/>\n<\/div>\n<\/div>\n<div class=\"wpcf7-response-output\" aria-hidden=\"true\"><\/div><\/form><\/div>[\/vc_column][\/vc_row]\n","protected":false},"excerpt":{"rendered":"<p>[vc_row thb_full_width=&#8221;true&#8221; thb_row_padding=&#8221;true&#8221; thb_column_padding=&#8221;true&#8221;][vc_column][vc_zigzag color=&#8221;white&#8221; el_border_width=&#8221;15&#8243;][\/vc_column][\/vc_row][vc_row thb_full_width=&#8221;true&#8221; thb_row_padding=&#8221;true&#8221; thb_column_padding=&#8221;true&#8221;][vc_column][vc_raw_html]JTNDaWZyYW1lJTIwc3JjJTNEJTIyaHR0cHMlM0ElMkYlMkZ3d3cuZ29vZ2xlLmNvbSUyRm1hcHMlMkZlbWJlZCUzRnBiJTNEJTIxMW0xNCUyMTFtOCUyMTFtMyUyMTFkMTIwNDYuMzQ5MjY5NDcxMzYlMjEyZDI4Ljc5NzE2MTElMjEzZDQwLjk5MDUxNjYlMjEzbTIlMjExaTEwMjQlMjEyaTc2OCUyMTRmMTMuMSUyMTNtMyUyMTFtMiUyMTFzMHgwJTI1M0EweDY1OTQxNDdiZWIxNGU5YjQlMjEyenhMQnpkR0Z1WW5Wc0lFRjVaTVN4YmlERG5HNXBkbVZ5YzJsMFpYTnAlMjE1ZTAlMjEzbTIlMjExc3RyJTIxMnN0ciUyMTR2MTY1NTA4MzQ3NjMwNyUyMTVtMiUyMTFzdHIlMjEyc3RyJTIyJTIwd2lkdGglM0QlMjIxOTIwJTIyJTIwaGVpZ2h0JTNEJTIyMzAwJTIyJTIwc3R5bGUlM0QlMjJib3JkZXIlM0EwJTNCJTIyJTIwYWxsb3dmdWxsc2NyZWVuJTNEJTIyJTIyJTIwbG9hZGluZyUzRCUyMmxhenklMjIlMjByZWZlcnJlcnBvbGljeSUzRCUyMm5vLXJlZmVycmVyLXdoZW4tZG93bmdyYWRlJTIyJTNFJTNDJTJGaWZyYW1lJTNF[\/vc_raw_html][\/vc_column][\/vc_row][vc_row el_class=&#8221;align-center&#8221; css=&#8221;.vc_custom_1474474645883{padding-top: 10vh !important;padding-bottom: 10vh !important;}&#8221;][vc_column width=&#8221;1\/3&#8243; css=&#8221;.vc_custom_1516377398176{padding-right: 20% !important;}&#8221;][vc_column_text css=&#8221;.vc_custom_1655082952786{border-bottom-width: 2px !important;padding-bottom: 30px !important;border-bottom-color: #f4f4f4 !important;border-bottom-style: solid !important;}&#8221;]\u0130stanbul Ofis Incubation \u0130stanbul Be\u015fyol Mah. \u0130n\u00f6n\u00fc Cd. No:38, 34295 K\u00fc\u00e7\u00fck\u00e7ekmece\/ \u0130stanbul \u2013 T\u00fcrkiye \u00a0 +90 212 541 57 48 [\/vc_column_text][vc_column_text css=&#8221;.vc_custom_1655083180834{border-bottom-width: 2px !important;padding-bottom: 30px !important;border-bottom-color: #f4f4f4 !important;border-bottom-style:&hellip;<\/p>\n","protected":false},"author":1,"featured_media":0,"parent":0,"menu_order":0,"comment_status":"closed","ping_status":"closed","template":"","meta":{"_monsterinsights_skip_tracking":false,"_monsterinsights_sitenote_active":false,"_monsterinsights_sitenote_note":"","_monsterinsights_sitenote_category":0,"footnotes":""},"class_list":["post-115","page","type-page","status-publish","hentry"],"_links":{"self":[{"href":"https:\/\/croncreative.com\/tr\/wp-json\/wp\/v2\/pages\/115","targetHints":{"allow":["GET"]}}],"collection":[{"href":"https:\/\/croncreative.com\/tr\/wp-json\/wp\/v2\/pages"}],"about":[{"href":"https:\/\/croncreative.com\/tr\/wp-json\/wp\/v2\/types\/page"}],"author":[{"embeddable":true,"href":"https:\/\/croncreative.com\/tr\/wp-json\/wp\/v2\/users\/1"}],"replies":[{"embeddable":true,"href":"https:\/\/croncreative.com\/tr\/wp-json\/wp\/v2\/comments?post=115"}],"version-history":[{"count":6,"href":"https:\/\/croncreative.com\/tr\/wp-json\/wp\/v2\/pages\/115\/revisions"}],"predecessor-version":[{"id":384,"href":"https:\/\/croncreative.com\/tr\/wp-json\/wp\/v2\/pages\/115\/revisions\/384"}],"wp:attachment":[{"href":"https:\/\/croncreative.com\/tr\/wp-json\/wp\/v2\/media?parent=115"}],"curies":[{"name":"wp","href":"https:\/\/api.w.org\/{rel}","templated":true}]}}